{"id":408,"date":"2011-06-08T11:41:30","date_gmt":"2011-06-08T09:41:30","guid":{"rendered":"http:\/\/www.baselhb.fr\/?page_id=408"},"modified":"2024-09-01T10:20:59","modified_gmt":"2024-09-01T08:20:59","slug":"telechargement","status":"publish","type":"page","link":"https:\/\/www.baselhb.fr\/?page_id=408","title":{"rendered":"Documents"},"content":{"rendered":"<p>[tx_heading style=\u00a0\u00bbdefault\u00a0\u00bb heading_text=\u00a0\u00bbRenouvellement de licence \u00a0\u00bb tag=\u00a0\u00bbh2&Prime; size=\u00a0\u00bb24&Prime; margin=\u00a0\u00bb24&Prime; align=\u00a0\u00bbleft\u00a0\u00bb]<\/p>\n<p>D\u00e9j\u00e0 adh\u00e9rent de notre club l&rsquo;ann\u00e9e pr\u00e9c\u00e9dente, vous allez recevoir un mail de la FFHB (exp\u00e9diteur GestHand),\u00a0 vous proposant de renouveler votre adh\u00e9sion au club. En cliquant sur le bouton \u00ab\u00a0Compl\u00e9ter le formulaire\u00a0\u00bb vous allez \u00eatre redirig\u00e9 vers le formulaire\u00a0 web\u00a0 de demander le renouvellement de votre licence.<\/p>\n<p>Apres avoir v\u00e9rifi\u00e9 vos donn\u00e9es administratives et choisi le type de licence, vous devrez\u00a0 t\u00e9l\u00e9charger\/mettre \u00e0 jour votre photo,\u00a0 certificat m\u00e9dical ainsi que votre autorisation parentale ; concernant les deux derniers documents, vous pouvez t\u00e9l\u00e9charger deux fois \u00ab\u00a0le bordereau d&rsquo;adh\u00e9sion BaselHB\u00a0\u00bb.<\/p>\n<p>[tx_heading style=\u00a0\u00bbdefault\u00a0\u00bb heading_text=\u00a0\u00bbDemande d&rsquo;adh\u00e9sion au club\u00a0\u00bb tag=\u00a0\u00bbh2&Prime; size=\u00a0\u00bb24&Prime; margin=\u00a0\u00bb24&Prime; align=\u00a0\u00bbleft\u00a0\u00bb]<\/p>\n<p>Cliquez sur le QR code suivant une demande d&rsquo;adh\u00e9sion au club :<\/p>\n<p><a href=\"https:\/\/www.baselhb.fr\/wp-content\/uploads\/2024\/09\/nouvelle-licence-QR-code-1-1.jpg\"><img fetchpriority=\"high\" decoding=\"async\" class=\"alignnone size-full wp-image-4126\" src=\"https:\/\/www.baselhb.fr\/wp-content\/uploads\/2024\/09\/nouvelle-licence-QR-code-1-1.jpg\" alt=\"\" width=\"392\" height=\"392\" srcset=\"https:\/\/www.baselhb.fr\/wp-content\/uploads\/2024\/09\/nouvelle-licence-QR-code-1-1.jpg 392w, https:\/\/www.baselhb.fr\/wp-content\/uploads\/2024\/09\/nouvelle-licence-QR-code-1-1-300x300.jpg 300w, https:\/\/www.baselhb.fr\/wp-content\/uploads\/2024\/09\/nouvelle-licence-QR-code-1-1-150x150.jpg 150w\" sizes=\"(max-width: 392px) 100vw, 392px\" \/><\/a><\/p>\n\n","protected":false},"excerpt":{"rendered":"<p>[tx_heading style=\u00a0\u00bbdefault\u00a0\u00bb heading_text=\u00a0\u00bbRenouvellement de licence \u00a0\u00bb tag=\u00a0\u00bbh2&Prime; size=\u00a0\u00bb24&Prime; margin=\u00a0\u00bb24&Prime; align=\u00a0\u00bbleft\u00a0\u00bb] D\u00e9j\u00e0 adh\u00e9rent de notre club l&rsquo;ann\u00e9e pr\u00e9c\u00e9dente, vous allez recevoir un mail de la FFHB (exp\u00e9diteur GestHand),\u00a0 vous proposant de renouveler votre<\/p>\n<a class=\"moretag noptoppad\" href=\"https:\/\/www.baselhb.fr\/?page_id=408\">Read More...<\/a>","protected":false},"author":1,"featured_media":0,"parent":13,"menu_order":5,"comment_status":"closed","ping_status":"closed","template":"","meta":{"footnotes":""},"class_list":["post-408","page","type-page","status-publish","hentry"],"_links":{"self":[{"href":"https:\/\/www.baselhb.fr\/index.php?rest_route=\/wp\/v2\/pages\/408","targetHints":{"allow":["GET"]}}],"collection":[{"href":"https:\/\/www.baselhb.fr\/index.php?rest_route=\/wp\/v2\/pages"}],"about":[{"href":"https:\/\/www.baselhb.fr\/index.php?rest_route=\/wp\/v2\/types\/page"}],"author":[{"embeddable":true,"href":"https:\/\/www.baselhb.fr\/index.php?rest_route=\/wp\/v2\/users\/1"}],"replies":[{"embeddable":true,"href":"https:\/\/www.baselhb.fr\/index.php?rest_route=%2Fwp%2Fv2%2Fcomments&post=408"}],"version-history":[{"count":0,"href":"https:\/\/www.baselhb.fr\/index.php?rest_route=\/wp\/v2\/pages\/408\/revisions"}],"up":[{"embeddable":true,"href":"https:\/\/www.baselhb.fr\/index.php?rest_route=\/wp\/v2\/pages\/13"}],"wp:attachment":[{"href":"https:\/\/www.baselhb.fr\/index.php?rest_route=%2Fwp%2Fv2%2Fmedia&parent=408"}],"curies":[{"name":"wp","href":"https:\/\/api.w.org\/{rel}","templated":true}]}}